{"id":485,"date":"2022-03-07T15:11:18","date_gmt":"2022-03-07T14:11:18","guid":{"rendered":"https:\/\/eabt.nl\/homepagina\/"},"modified":"2022-05-12T14:43:49","modified_gmt":"2022-05-12T14:43:49","slug":"homepagina","status":"publish","type":"page","link":"https:\/\/eabt.nl\/tr\/","title":{"rendered":"Ana sayfa"},"content":{"rendered":"\r\n<section id=\"block-block_6238603b4ab84\" class=\"foto_tekst_blok\">\r\n    <div class=\"container-fluid\">\r\n        <div class=\"row\">\r\n            <div class=\"col-lg-6 afbeelding_blok\">\r\n\r\n                                                    <div class=\"afbeelding\" style=\"background-image:url(https:\/\/eabt.nl\/app\/uploads\/2022\/03\/panama_img_8641.jpg);\">\r\n                    <\/div>\r\n                            <\/div>\r\n\r\n            <div class=\"col-lg-6 tekstblok\">\r\n                <div class=\"inner\">\r\n                                                                        <div class=\"titel\">\r\n                                <h2>Yabanc\u0131 parmakl\u0131klar ard\u0131nda e\u011fitim-Eabt<\/h2>\r\n                            <\/div>\r\n\r\n                            <div class=\"tekst\">\r\n                                <p>Mahk\u00fbmlar ortalama bir Hollandal\u0131ya g\u00f6re daha s\u0131k ve daha fazla e\u011fitim dezavantaj\u0131 ya\u015famaktad\u0131rlar. Baz\u0131lar\u0131 neredeyse hi\u00e7 Hollandaca okuyup, yazam\u0131yor ve ilkokulun (son) seviyesine eri\u015femiyor. Bir\u00e7o\u011funun ileri d\u00fczeyde e\u011fitimi ve\/veya mesleki e\u011fitimi bulunmad\u0131\u011f\u0131 gibi, bu e\u011fitimlerini tamamlamam\u0131\u015ft\u0131r. Hollanda toplumuna ve \u00f6zellikle meslek hayat\u0131na kat\u0131lma olanaklar\u0131 bu sebeple de d\u00fc\u015f\u00fckt\u00fcr.<\/p>\n\r\n                                <div class=\"knop\">\r\n                                                                                                                <a class=\"btn\" href=\"https:\/\/eabt.nl\/tr\/mahkumlar\/\" target=\"\"><span>Daha fazla oku<\/span><\/a>\r\n                                                                    <\/div>\r\n                            <\/div>\r\n\r\n                                                            <\/div>\r\n            <\/div>\r\n        <\/div>\r\n    <\/div>\r\n<\/section>\r\n\n\n\r\n<section id=\"block-block_6239e2e37d672\" class=\"formulier_en_afbeelding\">\r\n    <div class=\"container\">\r\n        <div class=\"row\">\r\n            <div class=\"col-lg-6 formulier order-2 order-sm-1\">\r\n                <div class=\"frm_forms \" id=\"frm_form_18_container\" data-token=\"1a46aff1ac34827faf4bd11a4ac0d1fa\">\n<form enctype=\"multipart\/form-data\" method=\"post\" class=\"frm-show-form \" id=\"form_nieuwsbriefaec6bf06493\"  data-token=\"1a46aff1ac34827faf4bd11a4ac0d1fa\">\n<div class=\"frm_form_fields \">\n<fieldset>\n<legend class=\"frm_screen_reader\">B\u00fclten<\/legend>\r\n<h1 class=\"frm_form_title\">B\u00fclten<\/h1>\r\n<div class=\"frm_description\"><p>Haberdar olun ve kaydolun<\/p>\n<\/div><div class=\"frm_fields_container\">\n<input type=\"hidden\" name=\"frm_action\" value=\"create\" \/>\n<input type=\"hidden\" name=\"form_id\" value=\"18\" \/>\n<input type=\"hidden\" name=\"frm_hide_fields_18\" id=\"frm_hide_fields_18\" value=\"\" \/>\n<input type=\"hidden\" name=\"form_key\" value=\"nieuwsbriefaec6bf06493\" \/>\n<input type=\"hidden\" name=\"item_meta[0]\" value=\"\" \/>\n<input type=\"hidden\" id=\"frm_submit_entry_18\" name=\"frm_submit_entry_18\" value=\"3703e56769\" \/><input type=\"hidden\" name=\"_wp_http_referer\" value=\"\/tr\/wp-json\/wp\/v2\/pages\/485\" \/><div id=\"frm_field_70_container\" class=\"frm_form_field form-field  frm_required_field frm_none_container\">\r\n    <label for=\"field_xp0wf4\" id=\"field_xp0wf4_label\" class=\"frm_primary_label\">\u0130lk ad\u0131\r\n        <span class=\"frm_required\" aria-hidden=\"true\">*<\/span>\r\n    <\/label>\r\n    <input type=\"text\" id=\"field_xp0wf4\" name=\"item_meta[70]\" value=\"\"  placeholder=\"\u0130lk ad\u0131\" data-reqmsg=\"Bu alan bo\u015f olamaz\" aria-required=\"true\" data-invmsg=\"Tekst is ongeldig\" aria-invalid=\"false\"  \/>\r\n    \r\n    \r\n<\/div>\n<div id=\"frm_field_71_container\" class=\"frm_form_field form-field  frm_none_container\">\r\n    <label for=\"field_5xbmp2\" id=\"field_5xbmp2_label\" class=\"frm_primary_label\">Soyad\u0131\r\n        <span class=\"frm_required\" aria-hidden=\"true\"><\/span>\r\n    <\/label>\r\n    <input type=\"text\" id=\"field_5xbmp2\" name=\"item_meta[71]\" value=\"\"  placeholder=\"Soyad\u0131\" data-invmsg=\"Tekst is ongeldig\" aria-invalid=\"false\"  \/>\r\n    \r\n    \r\n<\/div>\n<div id=\"frm_field_72_container\" class=\"frm_form_field form-field  frm_required_field frm_none_container\">\r\n    <label for=\"field_oajr4\" id=\"field_oajr4_label\" class=\"frm_primary_label\">E-posta adresi\r\n        <span class=\"frm_required\" aria-hidden=\"true\">*<\/span>\r\n    <\/label>\r\n    <input type=\"email\" id=\"field_oajr4\" name=\"item_meta[72]\" value=\"\"  placeholder=\"E-posta adresi\" data-reqmsg=\"This field cannot be blank.\" aria-required=\"true\" data-invmsg=\"Email adresi ge\u00e7ersiz\" aria-invalid=\"false\"  \/>\r\n    \r\n    \r\n<\/div>\n\t<input type=\"hidden\" name=\"item_key\" value=\"\" \/>\n\t\t\t\t<div class=\"frm__6582f7a5861b1\">\n\t\t\t\t<label for=\"frm_email_18\" >\n\t\t\t\t\tIf you are human, leave this field blank.\t\t\t\t<\/label>\n\t\t\t\t<input  id=\"frm_email_18\" type=\"email\" class=\"frm_verify\" name=\"frm__6582f7a5861b1\" value=\"\"  \/>\n\t\t\t<\/div>\n\t\t<div class=\"frm_submit\">\r\n\r\n<button class=\"frm_button_submit btn\" type=\"submit\"  ><span>\u00dcye olmak<\/span><\/button>\r\n\r\n<\/div><\/div>\n<\/fieldset>\n<\/div>\n<\/form>\n<\/div>\n\n            <\/div>\r\n\r\n            <div class=\"col-lg-6 formulier_afbeelding order-1 order-sm-2\">\r\n                                                    <div class=\"afbeelding\" style=\"background-image:url(https:\/\/eabt.nl\/app\/uploads\/2022\/03\/mexico_0776-4.png);\">\r\n                    <\/div>\r\n                            <\/div>\r\n        <\/div>\r\n    <\/div>\r\n<\/section>\r\n","protected":false},"excerpt":{"rendered":"","protected":false},"author":1,"featured_media":0,"parent":0,"menu_order":0,"comment_status":"closed","ping_status":"closed","template":"","meta":{"footnotes":""},"_links":{"self":[{"href":"https:\/\/eabt.nl\/tr\/wp-json\/wp\/v2\/pages\/485"}],"collection":[{"href":"https:\/\/eabt.nl\/tr\/wp-json\/wp\/v2\/pages"}],"about":[{"href":"https:\/\/eabt.nl\/tr\/wp-json\/wp\/v2\/types\/page"}],"author":[{"embeddable":true,"href":"https:\/\/eabt.nl\/tr\/wp-json\/wp\/v2\/users\/1"}],"replies":[{"embeddable":true,"href":"https:\/\/eabt.nl\/tr\/wp-json\/wp\/v2\/comments?post=485"}],"version-history":[{"count":9,"href":"https:\/\/eabt.nl\/tr\/wp-json\/wp\/v2\/pages\/485\/revisions"}],"predecessor-version":[{"id":615,"href":"https:\/\/eabt.nl\/tr\/wp-json\/wp\/v2\/pages\/485\/revisions\/615"}],"wp:attachment":[{"href":"https:\/\/eabt.nl\/tr\/wp-json\/wp\/v2\/media?parent=485"}],"curies":[{"name":"wp","href":"https:\/\/api.w.org\/{rel}","templated":true}]}}