{"id":481,"date":"2022-03-07T15:11:18","date_gmt":"2022-03-07T14:11:18","guid":{"rendered":"https:\/\/eabt.nl\/homepagina\/"},"modified":"2022-05-12T13:36:45","modified_gmt":"2022-05-12T13:36:45","slug":"homepagina","status":"publish","type":"page","link":"https:\/\/eabt.nl\/fr\/","title":{"rendered":"Page d&#8217;accueil"},"content":{"rendered":"\r\n<section id=\"block-block_6238603b4ab84\" class=\"foto_tekst_blok\">\r\n    <div class=\"container-fluid\">\r\n        <div class=\"row\">\r\n            <div class=\"col-lg-6 afbeelding_blok\">\r\n\r\n                                                    <div class=\"afbeelding\" style=\"background-image:url(https:\/\/eabt.nl\/app\/uploads\/2022\/03\/panama_img_8641.jpg);\">\r\n                    <\/div>\r\n                            <\/div>\r\n\r\n            <div class=\"col-lg-6 tekstblok\">\r\n                <div class=\"inner\">\r\n                                                                        <div class=\"titel\">\r\n                                <h2>La fondation n\u00e9erlandaise pour l&#8217;enseignement en d\u00e9tention \u00e0 l&#8217;\u00e9tranger<\/h2>\r\n                            <\/div>\r\n\r\n                            <div class=\"tekst\">\r\n                                <p>Les d\u00e9tenus pr\u00e9sentent des retards d&#8217;\u00e9ducation, davantage et plus souvent que la population n\u00e9erlandaise moyenne. Certains savent \u00e0 peine lire et \u00e9crire le n\u00e9erlandais et n&#8217;ont pas le niveau de fin d&#8217;\u00e9tudes primaires. La plupart d&#8217;entre eux n&#8217;ont pas suivi ni achev\u00e9 d&#8217;\u00e9tudes secondaires et \/ ou de formation professionnelle. Ils ont donc souvent peu de chances de s&#8217;int\u00e9grer r\u00e9ellement \u00e0 la soci\u00e9t\u00e9 n\u00e9erlandaise et surtout de trouver une place sur le march\u00e9 du travail.<\/p>\n\r\n                                <div class=\"knop\">\r\n                                                                                                                <a class=\"btn\" href=\"https:\/\/eabt.nl\/les-detenus\/\" target=\"\"><span>Lire la suite<\/span><\/a>\r\n                                                                    <\/div>\r\n                            <\/div>\r\n\r\n                                                            <\/div>\r\n            <\/div>\r\n        <\/div>\r\n    <\/div>\r\n<\/section>\r\n\n\n\r\n<section id=\"block-block_6239e2e37d672\" class=\"formulier_en_afbeelding\">\r\n    <div class=\"container\">\r\n        <div class=\"row\">\r\n            <div class=\"col-lg-6 formulier order-2 order-sm-1\">\r\n                <div class=\"frm_forms \" id=\"frm_form_10_container\" data-token=\"1a46aff1ac34827faf4bd11a4ac0d1fa\">\n<form enctype=\"multipart\/form-data\" method=\"post\" class=\"frm-show-form \" id=\"form_nieuwsbriefaec6bf064922\"  data-token=\"1a46aff1ac34827faf4bd11a4ac0d1fa\">\n<div class=\"frm_form_fields \">\n<fieldset>\n<legend class=\"frm_screen_reader\">Bulletin<\/legend>\r\n<h1 class=\"frm_form_title\">Bulletin<\/h1>\r\n<div class=\"frm_description\"><p>Restez inform\u00e9 et inscrivez-vous<\/p>\n<\/div><div class=\"frm_fields_container\">\n<input type=\"hidden\" name=\"frm_action\" value=\"create\" \/>\n<input type=\"hidden\" name=\"form_id\" value=\"10\" \/>\n<input type=\"hidden\" name=\"frm_hide_fields_10\" id=\"frm_hide_fields_10\" value=\"\" \/>\n<input type=\"hidden\" name=\"form_key\" value=\"nieuwsbriefaec6bf064922\" \/>\n<input type=\"hidden\" name=\"item_meta[0]\" value=\"\" \/>\n<input type=\"hidden\" id=\"frm_submit_entry_10\" name=\"frm_submit_entry_10\" value=\"3703e56769\" \/><input type=\"hidden\" name=\"_wp_http_referer\" value=\"\/fr\/wp-json\/wp\/v2\/pages\/481\" \/><div id=\"frm_field_38_container\" class=\"frm_form_field form-field  frm_required_field frm_none_container\">\r\n    <label for=\"field_xp0wf3\" id=\"field_xp0wf3_label\" class=\"frm_primary_label\">Pr\u00e9nom\r\n        <span class=\"frm_required\" aria-hidden=\"true\">*<\/span>\r\n    <\/label>\r\n    <input type=\"text\" id=\"field_xp0wf3\" name=\"item_meta[38]\" value=\"\"  placeholder=\"Pr\u00e9nom\" data-reqmsg=\"Ce champ n&#039;aime rien.\" aria-required=\"true\" data-invmsg=\"Tekst is ongeldig\" aria-invalid=\"false\"  \/>\r\n    \r\n    \r\n<\/div>\n<div id=\"frm_field_39_container\" class=\"frm_form_field form-field  frm_none_container\">\r\n    <label for=\"field_2enfn2\" id=\"field_2enfn2_label\" class=\"frm_primary_label\">Nom de famille\r\n        <span class=\"frm_required\" aria-hidden=\"true\"><\/span>\r\n    <\/label>\r\n    <input type=\"text\" id=\"field_2enfn2\" name=\"item_meta[39]\" value=\"\"  placeholder=\"Nom de famille\" data-invmsg=\"Tekst is ongeldig\" aria-invalid=\"false\"  \/>\r\n    \r\n    \r\n<\/div>\n<div id=\"frm_field_40_container\" class=\"frm_form_field form-field  frm_required_field frm_none_container\">\r\n    <label for=\"field_oajr3\" id=\"field_oajr3_label\" class=\"frm_primary_label\">Adresse e-mail\r\n        <span class=\"frm_required\" aria-hidden=\"true\">*<\/span>\r\n    <\/label>\r\n    <input type=\"email\" id=\"field_oajr3\" name=\"item_meta[40]\" value=\"\"  placeholder=\"Adresse e-mail\" data-reqmsg=\"Ce champ n&#039;aime rien.\" aria-required=\"true\" data-invmsg=\"L&#039;adresse e-mail est valide\" aria-invalid=\"false\"  \/>\r\n    \r\n    \r\n<\/div>\n\t<input type=\"hidden\" name=\"item_key\" value=\"\" \/>\n\t\t\t\t<div class=\"frm__6582f7a5861b1\">\n\t\t\t\t<label for=\"frm_email_10\" >\n\t\t\t\t\tIf you are human, leave this field blank.\t\t\t\t<\/label>\n\t\t\t\t<input  id=\"frm_email_10\" type=\"email\" class=\"frm_verify\" name=\"frm__6582f7a5861b1\" value=\"\"  \/>\n\t\t\t<\/div>\n\t\t<div class=\"frm_submit\">\r\n\r\n<button class=\"frm_button_submit btn\" type=\"submit\"  ><span>Soumettre<\/span><\/button>\r\n\r\n<\/div><\/div>\n<\/fieldset>\n<\/div>\n<\/form>\n<\/div>\n\n            <\/div>\r\n\r\n            <div class=\"col-lg-6 formulier_afbeelding order-1 order-sm-2\">\r\n                                                    <div class=\"afbeelding\" style=\"background-image:url(https:\/\/eabt.nl\/app\/uploads\/2022\/03\/mexico_0776-4.png);\">\r\n                    <\/div>\r\n                            <\/div>\r\n        <\/div>\r\n    <\/div>\r\n<\/section>\r\n","protected":false},"excerpt":{"rendered":"","protected":false},"author":1,"featured_media":0,"parent":0,"menu_order":0,"comment_status":"closed","ping_status":"closed","template":"","meta":{"footnotes":""},"_links":{"self":[{"href":"https:\/\/eabt.nl\/fr\/wp-json\/wp\/v2\/pages\/481"}],"collection":[{"href":"https:\/\/eabt.nl\/fr\/wp-json\/wp\/v2\/pages"}],"about":[{"href":"https:\/\/eabt.nl\/fr\/wp-json\/wp\/v2\/types\/page"}],"author":[{"embeddable":true,"href":"https:\/\/eabt.nl\/fr\/wp-json\/wp\/v2\/users\/1"}],"replies":[{"embeddable":true,"href":"https:\/\/eabt.nl\/fr\/wp-json\/wp\/v2\/comments?post=481"}],"version-history":[{"count":7,"href":"https:\/\/eabt.nl\/fr\/wp-json\/wp\/v2\/pages\/481\/revisions"}],"predecessor-version":[{"id":550,"href":"https:\/\/eabt.nl\/fr\/wp-json\/wp\/v2\/pages\/481\/revisions\/550"}],"wp:attachment":[{"href":"https:\/\/eabt.nl\/fr\/wp-json\/wp\/v2\/media?parent=481"}],"curies":[{"name":"wp","href":"https:\/\/api.w.org\/{rel}","templated":true}]}}