{"id":484,"date":"2022-03-07T15:11:18","date_gmt":"2022-03-07T14:11:18","guid":{"rendered":"https:\/\/eabt.nl\/homepagina\/"},"modified":"2022-05-12T14:19:18","modified_gmt":"2022-05-12T14:19:18","slug":"homepagina","status":"publish","type":"page","link":"https:\/\/eabt.nl\/es\/","title":{"rendered":"P\u00e1gina principal"},"content":{"rendered":"\r\n<section id=\"block-block_6238603b4ab84\" class=\"foto_tekst_blok\">\r\n    <div class=\"container-fluid\">\r\n        <div class=\"row\">\r\n            <div class=\"col-lg-6 afbeelding_blok\">\r\n\r\n                                                    <div class=\"afbeelding\" style=\"background-image:url(https:\/\/eabt.nl\/app\/uploads\/2022\/03\/panama_img_8641.jpg);\">\r\n                    <\/div>\r\n                            <\/div>\r\n\r\n            <div class=\"col-lg-6 tekstblok\">\r\n                <div class=\"inner\">\r\n                                                                        <div class=\"titel\">\r\n                                <h2>La fundaci\u00f3n &#8220;Educaci\u00f3n para detenidos en el extranjero<\/h2>\r\n                            <\/div>\r\n\r\n                            <div class=\"tekst\">\r\n                                <p>Con m\u00e1s frecuencia y m\u00e1s que el holand\u00e9s promedio, los detenidos experimentan una desventaja de aprendizaje. Algunas personas apenas son capaces de leer y escribir en holand\u00e9s, no han obtenido el nivel (final) de la escuela primaria. La mayor\u00eda no ha seguido ninguna educaci\u00f3n o formaci\u00f3n profesional, y mucho menos la ha completado con \u00e9xito. Sus posibilidades de participaci\u00f3n real en la sociedad holandesa y especialmente en el mercado laboral a menudo son deficientes.<br \/>\nLa Oficina Internacional dedicada a la Reinserci\u00f3n social en los Pa\u00edses Bajos ya est\u00e1 trabajando durante la detenci\u00f3n en el extranjero para prepararse para su regreso a la sociedad holandesa. Debido a la detenci\u00f3n en pa\u00edses extranjeros, muchos detenidos est\u00e1n decepcionados, alienados. Debido al aislamiento en una cultura extranjera, con reglas extra\u00f1as, lejos del hogar y la familia, asimismo est\u00e1n socialmente da\u00f1ados.<\/p>\n\r\n                                <div class=\"knop\">\r\n                                                                                                                <a class=\"btn\" href=\"https:\/\/eabt.nl\/es\/detenidos\/\" target=\"\"><span>Leer m\u00e1s<\/span><\/a>\r\n                                                                    <\/div>\r\n                            <\/div>\r\n\r\n                                                            <\/div>\r\n            <\/div>\r\n        <\/div>\r\n    <\/div>\r\n<\/section>\r\n\n\n\r\n<section id=\"block-block_6239e2e37d672\" class=\"formulier_en_afbeelding\">\r\n    <div class=\"container\">\r\n        <div class=\"row\">\r\n            <div class=\"col-lg-6 formulier order-2 order-sm-1\">\r\n                <div class=\"frm_forms \" id=\"frm_form_16_container\" data-token=\"1a46aff1ac34827faf4bd11a4ac0d1fa\">\n<form enctype=\"multipart\/form-data\" method=\"post\" class=\"frm-show-form \" id=\"form_nieuwsbriefaec6bf06492232\"  data-token=\"1a46aff1ac34827faf4bd11a4ac0d1fa\">\n<div class=\"frm_form_fields \">\n<fieldset>\n<legend class=\"frm_screen_reader\">Hoja informativa<\/legend>\r\n<h1 class=\"frm_form_title\">Hoja informativa<\/h1>\r\n<div class=\"frm_description\"><p>Mantente informado e inscr\u00edbete<\/p>\n<\/div><div class=\"frm_fields_container\">\n<input type=\"hidden\" name=\"frm_action\" value=\"create\" \/>\n<input type=\"hidden\" name=\"form_id\" value=\"16\" \/>\n<input type=\"hidden\" name=\"frm_hide_fields_16\" id=\"frm_hide_fields_16\" value=\"\" \/>\n<input type=\"hidden\" name=\"form_key\" value=\"nieuwsbriefaec6bf06492232\" \/>\n<input type=\"hidden\" name=\"item_meta[0]\" value=\"\" \/>\n<input type=\"hidden\" id=\"frm_submit_entry_16\" name=\"frm_submit_entry_16\" value=\"3703e56769\" \/><input type=\"hidden\" name=\"_wp_http_referer\" value=\"\/es\/wp-json\/wp\/v2\/pages\/484\" \/><div id=\"frm_field_62_container\" class=\"frm_form_field form-field  frm_required_field frm_none_container\">\r\n    <label for=\"field_xp0wf332\" id=\"field_xp0wf332_label\" class=\"frm_primary_label\">Nombre de pila\r\n        <span class=\"frm_required\" aria-hidden=\"true\">*<\/span>\r\n    <\/label>\r\n    <input type=\"text\" id=\"field_xp0wf332\" name=\"item_meta[62]\" value=\"\"  placeholder=\"Nombre de pila\" data-reqmsg=\"Este campo no puede estar vac\u00edo.\" aria-required=\"true\" data-invmsg=\"Tekst is ongeldig\" aria-invalid=\"false\"  \/>\r\n    \r\n    \r\n<\/div>\n<div id=\"frm_field_63_container\" class=\"frm_form_field form-field  frm_none_container\">\r\n    <label for=\"field_2enfn42\" id=\"field_2enfn42_label\" class=\"frm_primary_label\">Apellido\r\n        <span class=\"frm_required\" aria-hidden=\"true\"><\/span>\r\n    <\/label>\r\n    <input type=\"text\" id=\"field_2enfn42\" name=\"item_meta[63]\" value=\"\"  placeholder=\"Apellido\" data-invmsg=\"Tekst is ongeldig\" aria-invalid=\"false\"  \/>\r\n    \r\n    \r\n<\/div>\n<div id=\"frm_field_64_container\" class=\"frm_form_field form-field  frm_required_field frm_none_container\">\r\n    <label for=\"field_oajr332\" id=\"field_oajr332_label\" class=\"frm_primary_label\">Direcci\u00f3n de correo electr\u00f3nico\r\n        <span class=\"frm_required\" aria-hidden=\"true\">*<\/span>\r\n    <\/label>\r\n    <input type=\"email\" id=\"field_oajr332\" name=\"item_meta[64]\" value=\"\"  placeholder=\"Direcci\u00f3n de correo electr\u00f3nico\" data-reqmsg=\"Este campo no puede estar vac\u00edo.\" aria-required=\"true\" data-invmsg=\"Direcci\u00f3n de correo electr\u00f3nico es inv\u00e1lida\" aria-invalid=\"false\"  \/>\r\n    \r\n    \r\n<\/div>\n\t<input type=\"hidden\" name=\"item_key\" value=\"\" \/>\n\t\t\t\t<div class=\"frm__6582f7a5861b1\">\n\t\t\t\t<label for=\"frm_email_16\" >\n\t\t\t\t\tIf you are human, leave this field blank.\t\t\t\t<\/label>\n\t\t\t\t<input  id=\"frm_email_16\" type=\"email\" class=\"frm_verify\" name=\"frm__6582f7a5861b1\" value=\"\"  \/>\n\t\t\t<\/div>\n\t\t<div class=\"frm_submit\">\r\n\r\n<button class=\"frm_button_submit btn\" type=\"submit\"  ><span>Reg\u00edstrate<\/span><\/button>\r\n\r\n<\/div><\/div>\n<\/fieldset>\n<\/div>\n<\/form>\n<\/div>\n\n            <\/div>\r\n\r\n            <div class=\"col-lg-6 formulier_afbeelding order-1 order-sm-2\">\r\n                                                    <div class=\"afbeelding\" style=\"background-image:url(https:\/\/eabt.nl\/app\/uploads\/2022\/03\/mexico_0776-4.png);\">\r\n                    <\/div>\r\n                            <\/div>\r\n        <\/div>\r\n    <\/div>\r\n<\/section>\r\n","protected":false},"excerpt":{"rendered":"","protected":false},"author":1,"featured_media":0,"parent":0,"menu_order":0,"comment_status":"closed","ping_status":"closed","template":"","meta":{"footnotes":""},"_links":{"self":[{"href":"https:\/\/eabt.nl\/es\/wp-json\/wp\/v2\/pages\/484"}],"collection":[{"href":"https:\/\/eabt.nl\/es\/wp-json\/wp\/v2\/pages"}],"about":[{"href":"https:\/\/eabt.nl\/es\/wp-json\/wp\/v2\/types\/page"}],"author":[{"embeddable":true,"href":"https:\/\/eabt.nl\/es\/wp-json\/wp\/v2\/users\/1"}],"replies":[{"embeddable":true,"href":"https:\/\/eabt.nl\/es\/wp-json\/wp\/v2\/comments?post=484"}],"version-history":[{"count":8,"href":"https:\/\/eabt.nl\/es\/wp-json\/wp\/v2\/pages\/484\/revisions"}],"predecessor-version":[{"id":596,"href":"https:\/\/eabt.nl\/es\/wp-json\/wp\/v2\/pages\/484\/revisions\/596"}],"wp:attachment":[{"href":"https:\/\/eabt.nl\/es\/wp-json\/wp\/v2\/media?parent=484"}],"curies":[{"name":"wp","href":"https:\/\/api.w.org\/{rel}","templated":true}]}}