{"id":482,"date":"2022-03-07T15:11:18","date_gmt":"2022-03-07T14:11:18","guid":{"rendered":"https:\/\/eabt.nl\/homepagina\/"},"modified":"2022-05-12T13:47:26","modified_gmt":"2022-05-12T13:47:26","slug":"homepagina","status":"publish","type":"page","link":"https:\/\/eabt.nl\/de\/","title":{"rendered":"Startseite"},"content":{"rendered":"\r\n<section id=\"block-block_6238603b4ab84\" class=\"foto_tekst_blok\">\r\n    <div class=\"container-fluid\">\r\n        <div class=\"row\">\r\n            <div class=\"col-lg-6 afbeelding_blok\">\r\n\r\n                                                    <div class=\"afbeelding\" style=\"background-image:url(https:\/\/eabt.nl\/app\/uploads\/2022\/03\/panama_img_8641.jpg);\">\r\n                    <\/div>\r\n                            <\/div>\r\n\r\n            <div class=\"col-lg-6 tekstblok\">\r\n                <div class=\"inner\">\r\n                                                                        <div class=\"titel\">\r\n                                <h2>Die Stiftung \u201eUnterricht hinter ausl\u00e4ndischen Gittern<\/h2>\r\n                            <\/div>\r\n\r\n                            <div class=\"tekst\">\r\n                                <p>Inhaftierte haben im Vergleich zum niederl\u00e4ndischen Durchschnitt viel \u00f6fter einen gro\u00dfen Lernr\u00fcckstand. Manche k\u00f6nnen die niederl\u00e4ndische Sprache  kaum lesen oder schreiben&#8211; sie erreichen nicht einmal das Abschlussniveau der Grundschule. Die Meisten haben keine weiterf\u00fchrende Schule und\/oder Berufsausbildung besucht, geschweige denn erfolgreich abgeschlossen. Ihre Chancen auf eine erfolgreiche Teilnahme am an der niederl\u00e4ndischen Gesellschaft und vor allem am niederl\u00e4ndischen Arbeitsmarkt  sind also h\u00e4ufig schlecht.<\/p>\n\r\n                                <div class=\"knop\">\r\n                                                                                                                <a class=\"btn\" href=\"https:\/\/eabt.nl\/de\/inhaftierte\/\" target=\"\"><span>Weiterlesen<\/span><\/a>\r\n                                                                    <\/div>\r\n                            <\/div>\r\n\r\n                                                            <\/div>\r\n            <\/div>\r\n        <\/div>\r\n    <\/div>\r\n<\/section>\r\n\n\n\r\n<section id=\"block-block_6239e2e37d672\" class=\"formulier_en_afbeelding\">\r\n    <div class=\"container\">\r\n        <div class=\"row\">\r\n            <div class=\"col-lg-6 formulier order-2 order-sm-1\">\r\n                <div class=\"frm_forms \" id=\"frm_form_12_container\" data-token=\"1a46aff1ac34827faf4bd11a4ac0d1fa\">\n<form enctype=\"multipart\/form-data\" method=\"post\" class=\"frm-show-form \" id=\"form_contact3\"  data-token=\"1a46aff1ac34827faf4bd11a4ac0d1fa\">\n<div class=\"frm_form_fields \">\n<fieldset>\n<legend class=\"frm_screen_reader\">Kontakt<\/legend>\r\n<h3 class=\"frm_form_title\">Kontakt<\/h3>\r\n<div class=\"frm_description\"><p>F\u00fcllen Sie das folgende Formular aus<\/p>\n<\/div><div class=\"frm_fields_container\">\n<input type=\"hidden\" name=\"frm_action\" value=\"create\" \/>\n<input type=\"hidden\" name=\"form_id\" value=\"12\" \/>\n<input type=\"hidden\" name=\"frm_hide_fields_12\" id=\"frm_hide_fields_12\" value=\"\" \/>\n<input type=\"hidden\" name=\"form_key\" value=\"contact3\" \/>\n<input type=\"hidden\" name=\"item_meta[0]\" value=\"\" \/>\n<input type=\"hidden\" id=\"frm_submit_entry_12\" name=\"frm_submit_entry_12\" value=\"3703e56769\" \/><input type=\"hidden\" name=\"_wp_http_referer\" value=\"\/de\/wp-json\/wp\/v2\/pages\/482\" \/><div id=\"frm_field_46_container\" class=\"frm_form_field form-field  frm_required_field frm_none_container\">\r\n    <label for=\"field_7gwi94\" id=\"field_7gwi94_label\" class=\"frm_primary_label\">Vorname\r\n        <span class=\"frm_required\" aria-hidden=\"true\">*<\/span>\r\n    <\/label>\r\n    <input type=\"text\" id=\"field_7gwi94\" name=\"item_meta[46]\" value=\"\"  placeholder=\"Vorname\" data-reqmsg=\"Dieses Feld kann nicht leer sein.\" aria-required=\"true\" data-invmsg=\"Text is invalid\" aria-invalid=\"false\"  \/>\r\n    \r\n    \r\n<\/div>\n<div id=\"frm_field_47_container\" class=\"frm_form_field form-field  frm_none_container\">\r\n    <label for=\"field_ypy0z2\" id=\"field_ypy0z2_label\" class=\"frm_primary_label\">Nachname\r\n        <span class=\"frm_required\" aria-hidden=\"true\"><\/span>\r\n    <\/label>\r\n    <input type=\"text\" id=\"field_ypy0z2\" name=\"item_meta[47]\" value=\"\"  placeholder=\"Nachname\" data-invmsg=\"Text is invalid\" aria-invalid=\"false\"  \/>\r\n    \r\n    \r\n<\/div>\n<div id=\"frm_field_48_container\" class=\"frm_form_field form-field  frm_required_field frm_none_container\">\r\n    <label for=\"field_q47y94\" id=\"field_q47y94_label\" class=\"frm_primary_label\">E-mailadres\r\n        <span class=\"frm_required\" aria-hidden=\"true\">*<\/span>\r\n    <\/label>\r\n    <input type=\"email\" id=\"field_q47y94\" name=\"item_meta[48]\" value=\"\"  placeholder=\"E-mailadres\" data-reqmsg=\"Dieses Feld kann nicht leer sein.\" aria-required=\"true\" data-invmsg=\"E-Mail ist ung\u00fcltig\" aria-invalid=\"false\"  \/>\r\n    \r\n    \r\n<\/div>\n<div id=\"frm_field_49_container\" class=\"frm_form_field form-field  frm_none_container\">\r\n    <label for=\"field_5cb3x2\" id=\"field_5cb3x2_label\" class=\"frm_primary_label\">Fach\r\n        <span class=\"frm_required\" aria-hidden=\"true\"><\/span>\r\n    <\/label>\r\n    <input type=\"text\" id=\"field_5cb3x2\" name=\"item_meta[49]\" value=\"\"  placeholder=\"Fach\" data-invmsg=\"Tekst is ongeldig\" aria-invalid=\"false\"  \/>\r\n    \r\n    \r\n<\/div>\n<div id=\"frm_field_50_container\" class=\"frm_form_field form-field  frm_required_field frm_none_container\">\r\n    <label for=\"field_oqhgi4\" id=\"field_oqhgi4_label\" class=\"frm_primary_label\">Nachricht\r\n        <span class=\"frm_required\" aria-hidden=\"true\">*<\/span>\r\n    <\/label>\r\n    <textarea name=\"item_meta[50]\" id=\"field_oqhgi4\" rows=\"5\"  placeholder=\"Nachricht\" data-reqmsg=\"Dieses Feld kann nicht leer sein.\" aria-required=\"true\" data-invmsg=\"Nachricht is invalid\" aria-invalid=\"false\"  ><\/textarea>\r\n    \r\n    \r\n<\/div>\n\t<input type=\"hidden\" name=\"item_key\" value=\"\" \/>\n\t\t\t\t<div class=\"frm__6582f7a5861b1\">\n\t\t\t\t<label for=\"frm_email_12\" >\n\t\t\t\t\tIf you are human, leave this field blank.\t\t\t\t<\/label>\n\t\t\t\t<input  id=\"frm_email_12\" type=\"text\" class=\"frm_verify\" name=\"frm__6582f7a5861b1\" value=\"\" autocomplete=\"false\"  \/>\n\t\t\t<\/div>\n\t\t<div class=\"frm_submit\">\r\n\r\n<button class=\"btn-grey\" type=\"submit\"  ><span>Einreichen<\/span><\/button>\r\n\r\n<\/div><\/div>\n<\/fieldset>\n<\/div>\n<\/form>\n<\/div>\n\n            <\/div>\r\n\r\n            <div class=\"col-lg-6 formulier_afbeelding order-1 order-sm-2\">\r\n                                                    <div class=\"afbeelding\" style=\"background-image:url(https:\/\/eabt.nl\/app\/uploads\/2022\/03\/mexico_0776-4.png);\">\r\n                    <\/div>\r\n                            <\/div>\r\n        <\/div>\r\n    <\/div>\r\n<\/section>\r\n","protected":false},"excerpt":{"rendered":"","protected":false},"author":1,"featured_media":0,"parent":0,"menu_order":0,"comment_status":"closed","ping_status":"closed","template":"","meta":{"footnotes":""},"_links":{"self":[{"href":"https:\/\/eabt.nl\/de\/wp-json\/wp\/v2\/pages\/482"}],"collection":[{"href":"https:\/\/eabt.nl\/de\/wp-json\/wp\/v2\/pages"}],"about":[{"href":"https:\/\/eabt.nl\/de\/wp-json\/wp\/v2\/types\/page"}],"author":[{"embeddable":true,"href":"https:\/\/eabt.nl\/de\/wp-json\/wp\/v2\/users\/1"}],"replies":[{"embeddable":true,"href":"https:\/\/eabt.nl\/de\/wp-json\/wp\/v2\/comments?post=482"}],"version-history":[{"count":9,"href":"https:\/\/eabt.nl\/de\/wp-json\/wp\/v2\/pages\/482\/revisions"}],"predecessor-version":[{"id":560,"href":"https:\/\/eabt.nl\/de\/wp-json\/wp\/v2\/pages\/482\/revisions\/560"}],"wp:attachment":[{"href":"https:\/\/eabt.nl\/de\/wp-json\/wp\/v2\/media?parent=482"}],"curies":[{"name":"wp","href":"https:\/\/api.w.org\/{rel}","templated":true}]}}